{"id":829,"date":"2019-02-19T15:02:47","date_gmt":"2019-02-19T14:02:47","guid":{"rendered":"https:\/\/chateau-de-pampelonne.fr\/to-discover\/"},"modified":"2024-01-11T15:02:01","modified_gmt":"2024-01-11T14:02:01","slug":"to-discover","status":"publish","type":"page","link":"https:\/\/chateau-de-pampelonne.fr\/en\/to-discover\/","title":{"rendered":"To discover"},"content":{"rendered":"\n<style type=\"text\/css\" data-created_by=\"avia_inline_auto\" id=\"style-css-av-jolry5km-bb33d7d9a04762ee5ce98a2c30f05ab7\">\n.avia-section.av-jolry5km-bb33d7d9a04762ee5ce98a2c30f05ab7{\nbackground-color:#f9f6f2;\nbackground-image:unset;\n}\n.avia-section.av-jolry5km-bb33d7d9a04762ee5ce98a2c30f05ab7 .av-extra-border-element .av-extra-border-inner{\nbackground-color:#f9f6f2;\n}\n<\/style>\n<div id='av_section_1'  class='avia-section av-jolry5km-bb33d7d9a04762ee5ce98a2c30f05ab7 main_color avia-section-small avia-shadow  avia-builder-el-0  el_before_av_section  avia-builder-el-first  avia-bg-style-scroll av-arrow-down-section container_wrap sidebar_right'  ><div class='container av-section-cont-open' ><main  role=\"main\" itemprop=\"mainContentOfPage\"  class='template-page content  av-content-small alpha units'><div class='post-entry post-entry-type-page post-entry-829'><div class='entry-content-wrapper clearfix'>\n\n<style type=\"text\/css\" data-created_by=\"avia_inline_auto\" id=\"style-css-av-jj8mgr0t-dfbdc6ac797c5da1fac9f1abff567fe3\">\n#top .av_textblock_section.av-jj8mgr0t-dfbdc6ac797c5da1fac9f1abff567fe3 .avia_textblock{\ncolor:#515e32;\n}\n<\/style>\n<section  class='av_textblock_section av-jj8mgr0t-dfbdc6ac797c5da1fac9f1abff567fe3 '   itemscope=\"itemscope\" itemtype=\"https:\/\/schema.org\/CreativeWork\" ><div class='avia_textblock av_inherit_color'  itemprop=\"text\" ><h1 style=\"text-align: center;\"><strong>A d\u00e9couvrir dans la r\u00e9gion, des activit\u00e9s pour tous<br \/>\n<\/strong><\/h1>\n<\/div><\/section>\n\n<\/div><\/div><\/main><!-- close content main element --><\/div><div class='av-extra-border-element border-extra-arrow-down'><div class='av-extra-border-outer'><div class='av-extra-border-inner'><\/div><\/div><\/div><\/div><div id='av_section_2'  class='avia-section av-2a72o-cd999d92ac17e9d091fe74b22c987765 main_color avia-section-default avia-no-border-styling  avia-builder-el-2  el_after_av_section  el_before_av_slideshow_full  avia-bg-style-scroll container_wrap sidebar_right'  ><div class='container av-section-cont-open' ><div class='template-page content  av-content-small alpha units'><div class='post-entry post-entry-type-page post-entry-829'><div class='entry-content-wrapper clearfix'>\n\n<style type=\"text\/css\" data-created_by=\"avia_inline_auto\" id=\"style-css-av-ozqk-4be646cc221b73190e1bee96d52be08f\">\n.flex_column.av-ozqk-4be646cc221b73190e1bee96d52be08f{\nborder-radius:0px 0px 0px 0px;\npadding:0px 0px 0px 0px;\n}\n<\/style>\n<div  class='flex_column av-ozqk-4be646cc221b73190e1bee96d52be08f av_one_third  avia-builder-el-3  el_before_av_one_third  avia-builder-el-first  first flex_column_div av-zero-column-padding  '     ><p>\n<style type=\"text\/css\" data-created_by=\"avia_inline_auto\" id=\"style-css-av-jj8qp9ha-b5049fd99c100c3f1b44d12361d766cf\">\n.avia-image-container.av-jj8qp9ha-b5049fd99c100c3f1b44d12361d766cf img.avia_image{\nbox-shadow:none;\n}\n.avia-image-container.av-jj8qp9ha-b5049fd99c100c3f1b44d12361d766cf .av-image-caption-overlay-center{\ncolor:#ffffff;\n}\n<\/style>\n<div  class='avia-image-container av-jj8qp9ha-b5049fd99c100c3f1b44d12361d766cf av-styling- avia-align-left  avia-builder-el-4  el_before_av_hr  avia-builder-el-first '   itemprop=\"image\" itemscope=\"itemscope\" itemtype=\"https:\/\/schema.org\/ImageObject\" ><div class=\"avia-image-container-inner\"><div class=\"avia-image-overlay-wrap\"><img decoding=\"async\" fetchpriority=\"high\" class='wp-image-939 avia-img-lazy-loading-not-939 avia_image ' src=\"https:\/\/chateau-de-pampelonne.fr\/site\/wp-content\/uploads\/2018\/09\/Abbatiale-Sainte-Marie-de-Cruas-845x321.jpg\" alt='' title='Abbatiale Sainte Marie of Cruas'  height=\"321\" width=\"845\"  itemprop=\"thumbnailUrl\"  \/><\/div><\/div><\/div><br \/>\n\n<style type=\"text\/css\" data-created_by=\"avia_inline_auto\" id=\"style-css-av-jj8qww9g-b9d14b1c1936476c5c49905df9ea0b57\">\n#top .hr.hr-invisible.av-jj8qww9g-b9d14b1c1936476c5c49905df9ea0b57{\nheight:18px;\n}\n<\/style>\n<div  class='hr av-jj8qww9g-b9d14b1c1936476c5c49905df9ea0b57 hr-invisible  avia-builder-el-5  el_after_av_image  el_before_av_icon_box '><span class='hr-inner '><span class=\"hr-inner-style\"><\/span><\/span><\/div><br \/>\n<article  class='iconbox iconbox_left av-jj7j005i-33330660cd68c8a70a4f5ba10329efb5  avia-builder-el-6  el_after_av_hr  avia-builder-el-last '  itemscope=\"itemscope\" itemtype=\"https:\/\/schema.org\/CreativeWork\" ><div class=\"iconbox_content\"><header class=\"entry-content-header\" aria-label=\"Icon: Festivals\"><div class='iconbox_icon heading-color avia-iconfont avia-font-entypo-fontello' data-av_icon='\ue80b' data-av_iconfont='entypo-fontello'  ><\/div><h3 class='iconbox_content_title '  itemprop=\"headline\" >Festivals<\/h3><\/header><div class='iconbox_content_container '  itemprop=\"text\" ><ul>\n<li>Feria d\u2019Arles\u00a0(P\u00e2ques), 150 km<\/li>\n<li>Feria de\u00a0N\u00eemes\u00a0(Pentec\u00f4te), 120 km<\/li>\n<li>Festival d\u2019Avignon\u00a0(Et\u00e9), 95 km<\/li>\n<li>Festival d\u2019Aix-en-Provence\u00a0(Et\u00e9), 170 km<\/li>\n<li>Festival de\u00a0Vaison-La-Romaine\u00a0(Et\u00e9), 85km<\/li>\n<li>Chor\u00e9gies d\u2019Orange\u00a0(Et\u00e9), 75 km<\/li>\n<li>Corridas des vendanges \u00e0\u00a0N\u00eemes\u00a0(septembre)<\/li>\n<li>F\u00eate du riz \u00e0\u00a0Arles\u00a0(septembre), 150 km<\/li>\n<\/ul>\n<\/div><\/div><footer class=\"entry-footer\"><\/footer><\/article><\/p><\/div>\n<style type=\"text\/css\" data-created_by=\"avia_inline_auto\" id=\"style-css-av-1a55o-c610cc8d2a80a6751e7999095d00290d\">\n.flex_column.av-1a55o-c610cc8d2a80a6751e7999095d00290d{\nborder-radius:0px 0px 0px 0px;\npadding:0px 0px 0px 0px;\n}\n<\/style>\n<div  class='flex_column av-1a55o-c610cc8d2a80a6751e7999095d00290d av_one_third  avia-builder-el-7  el_after_av_one_third  el_before_av_one_third  flex_column_div av-zero-column-padding  '     ><p>\n<style type=\"text\/css\" data-created_by=\"avia_inline_auto\" id=\"style-css-av-jj8qp9ha-12-73632a8ac6688771f5e9ba6c1ca139c5\">\n.avia-image-container.av-jj8qp9ha-12-73632a8ac6688771f5e9ba6c1ca139c5 img.avia_image{\nbox-shadow:none;\n}\n.avia-image-container.av-jj8qp9ha-12-73632a8ac6688771f5e9ba6c1ca139c5 .av-image-caption-overlay-center{\ncolor:#ffffff;\n}\n<\/style>\n<div  class='avia-image-container av-jj8qp9ha-12-73632a8ac6688771f5e9ba6c1ca139c5 av-styling- avia-align-left  avia-builder-el-8  el_before_av_hr  avia-builder-el-first '   itemprop=\"image\" itemscope=\"itemscope\" itemtype=\"https:\/\/schema.org\/ImageObject\" ><div class=\"avia-image-container-inner\"><div class=\"avia-image-overlay-wrap\"><img decoding=\"async\" fetchpriority=\"high\" class='wp-image-931 avia-img-lazy-loading-not-931 avia_image ' src=\"https:\/\/chateau-de-pampelonne.fr\/site\/wp-content\/uploads\/2018\/09\/IMG_1533-845x321.jpg\" alt='' title='Aven d&#039;Orgnac Cave'  height=\"321\" width=\"845\"  itemprop=\"thumbnailUrl\"  \/><\/div><\/div><\/div><br \/>\n\n<style type=\"text\/css\" data-created_by=\"avia_inline_auto\" id=\"style-css-av-jj8qww9g-11-30b68bbe418569399f4fdce40c3ba029\">\n#top .hr.hr-invisible.av-jj8qww9g-11-30b68bbe418569399f4fdce40c3ba029{\nheight:18px;\n}\n<\/style>\n<div  class='hr av-jj8qww9g-11-30b68bbe418569399f4fdce40c3ba029 hr-invisible  avia-builder-el-9  el_after_av_image  el_before_av_icon_box '><span class='hr-inner '><span class=\"hr-inner-style\"><\/span><\/span><\/div><br \/>\n<article  class='iconbox iconbox_left av-jj7j005i-10-7fe6c38413b993a8a7b164eb73dfd65a  avia-builder-el-10  el_after_av_hr  avia-builder-el-last '  itemscope=\"itemscope\" itemtype=\"https:\/\/schema.org\/CreativeWork\" ><div class=\"iconbox_content\"><header class=\"entry-content-header\" aria-label=\"Icon: Leisure\"><div class='iconbox_icon heading-color avia-iconfont avia-font-entypo-fontello' data-av_icon='\ue826' data-av_iconfont='entypo-fontello'  ><\/div><h3 class='iconbox_content_title '  itemprop=\"headline\" >Leisure<\/h3><\/header><div class='iconbox_content_container '  itemprop=\"text\" ><ul>\n<li style=\"text-align: left;\"><span class=\"w8qArf\"><a href=\"https:\/\/www.grottechauvet2ardeche.com\/\">Caverne du Pont d&#8217;Arc &#8211; Grotte Chauvet<\/a>,\u00a0 55 km<\/span><\/li>\n<li style=\"text-align: left;\">Son et Lumi\u00e8re, ch\u00e2teau de Rochemaure,\u00a0 6 km<\/li>\n<li style=\"text-align: left;\">ULM\/avion de tourisme, bapt\u00eame de l\u2019air, mus\u00e9e de l\u2019aviation : A\u00e9ro-club de Mont\u00e9limar-Ancone, 15 km<\/li>\n<li style=\"text-align: left;\">Sp\u00e9l\u00e9ologie\u00a0: visites de grottes organis\u00e9es dans la vall\u00e9e de l\u2019Ard\u00e8che (Aven d\u2019Orgnac, Aven de Marzal\u2026),<\/li>\n<li style=\"text-align: left;\">Excursions\u00a0: Gorges de l\u2019Ard\u00e8che, Mont Gerbier des Joncs (source de La Loire), hauts plateaux de l\u2019Ard\u00e8che, vall\u00e9es de l\u2019Eyrieux, de l\u2019Ibie\u2026<\/li>\n<\/ul>\n<\/div><\/div><footer class=\"entry-footer\"><\/footer><\/article><\/p><\/div>\n<style type=\"text\/css\" data-created_by=\"avia_inline_auto\" id=\"style-css-av-1a55o-9-7ff17d9a25883438e6e70a1cb17449e9\">\n.flex_column.av-1a55o-9-7ff17d9a25883438e6e70a1cb17449e9{\nborder-radius:0px 0px 0px 0px;\npadding:0px 0px 0px 0px;\n}\n<\/style>\n<div  class='flex_column av-1a55o-9-7ff17d9a25883438e6e70a1cb17449e9 av_one_third  avia-builder-el-11  el_after_av_one_third  el_before_av_one_third  flex_column_div av-zero-column-padding  '     ><p>\n<style type=\"text\/css\" data-created_by=\"avia_inline_auto\" id=\"style-css-av-jj8qp9ha-8-ed65c9ada64350ca1a8f3641da68a660\">\n.avia-image-container.av-jj8qp9ha-8-ed65c9ada64350ca1a8f3641da68a660 img.avia_image{\nbox-shadow:none;\n}\n.avia-image-container.av-jj8qp9ha-8-ed65c9ada64350ca1a8f3641da68a660 .av-image-caption-overlay-center{\ncolor:#ffffff;\n}\n<\/style>\n<div  class='avia-image-container av-jj8qp9ha-8-ed65c9ada64350ca1a8f3641da68a660 av-styling- avia-align-left  avia-builder-el-12  el_before_av_hr  avia-builder-el-first '   itemprop=\"image\" itemscope=\"itemscope\" itemtype=\"https:\/\/schema.org\/ImageObject\" ><div class=\"avia-image-container-inner\"><div class=\"avia-image-overlay-wrap\"><img decoding=\"async\" fetchpriority=\"high\" class='wp-image-955 avia-img-lazy-loading-not-955 avia_image ' src=\"https:\/\/chateau-de-pampelonne.fr\/site\/wp-content\/uploads\/2018\/09\/Sport-cheval-PHOTO_04_06_06-043-845x321.jpg\" alt='' title='Sport horse ride'  height=\"321\" width=\"845\"  itemprop=\"thumbnailUrl\"  \/><\/div><\/div><\/div><br \/>\n\n<style type=\"text\/css\" data-created_by=\"avia_inline_auto\" id=\"style-css-av-jj8qww9g-7-fe0fb18b8aa36b7da6b70bafcba5fe04\">\n#top .hr.hr-invisible.av-jj8qww9g-7-fe0fb18b8aa36b7da6b70bafcba5fe04{\nheight:18px;\n}\n<\/style>\n<div  class='hr av-jj8qww9g-7-fe0fb18b8aa36b7da6b70bafcba5fe04 hr-invisible  avia-builder-el-13  el_after_av_image  el_before_av_icon_box '><span class='hr-inner '><span class=\"hr-inner-style\"><\/span><\/span><\/div><br \/>\n<article  class='iconbox iconbox_left av-jj7j005i-6-7a60411ae3248dfe6fc6691e2ed2361f  avia-builder-el-14  el_after_av_hr  avia-builder-el-last '  itemscope=\"itemscope\" itemtype=\"https:\/\/schema.org\/CreativeWork\" ><div class=\"iconbox_content\"><header class=\"entry-content-header\" aria-label=\"Icon: Sport\"><div class='iconbox_icon heading-color avia-iconfont avia-font-entypo-fontello' data-av_icon='\ue82a' data-av_iconfont='entypo-fontello'  ><\/div><h3 class='iconbox_content_title '  itemprop=\"headline\" >Sport<\/h3><\/header><div class='iconbox_content_container '  itemprop=\"text\" ><ul>\n<li style=\"text-align: left;\">Cheval<\/li>\n<li style=\"text-align: left;\">Nombreuses promenades et\u00a0randonn\u00e9es p\u00e9destres \u00e0 partir de la maison<\/li>\n<li style=\"text-align: left;\">Plans d\u2019eau\u00a0(planche \u00e0 voile) au Teil, 13 km.<\/li>\n<li style=\"text-align: left;\">Golf\u00a0de la Valdaine pr\u00e8s de Mont\u00e9limar, 15 km<\/li>\n<li style=\"text-align: left;\">Cano\u00eb\u00a0: Gorges de l\u2019Ard\u00e8che, 40 km<\/li>\n<\/ul>\n<\/div><\/div><footer class=\"entry-footer\"><\/footer><\/article><\/p><\/div>\n<style type=\"text\/css\" data-created_by=\"avia_inline_auto\" id=\"style-css-av-1a55o-5-e0dd1e4efe2437ecaa3f36e17522c310\">\n.flex_column.av-1a55o-5-e0dd1e4efe2437ecaa3f36e17522c310{\nborder-radius:0px 0px 0px 0px;\npadding:0px 0px 0px 0px;\n}\n<\/style>\n<div  class='flex_column av-1a55o-5-e0dd1e4efe2437ecaa3f36e17522c310 av_one_third  avia-builder-el-15  el_after_av_one_third  el_before_av_two_third  first flex_column_div av-zero-column-padding  column-top-margin'     ><p>\n<style type=\"text\/css\" data-created_by=\"avia_inline_auto\" id=\"style-css-av-jj8qp9ha-4-96b516a4c969aabe05c7a25e58f14619\">\n.avia-image-container.av-jj8qp9ha-4-96b516a4c969aabe05c7a25e58f14619 img.avia_image{\nbox-shadow:none;\n}\n.avia-image-container.av-jj8qp9ha-4-96b516a4c969aabe05c7a25e58f14619 .av-image-caption-overlay-center{\ncolor:#ffffff;\n}\n<\/style>\n<div  class='avia-image-container av-jj8qp9ha-4-96b516a4c969aabe05c7a25e58f14619 av-styling- avia-align-center  avia-builder-el-16  el_before_av_hr  avia-builder-el-first '   itemprop=\"image\" itemscope=\"itemscope\" itemtype=\"https:\/\/schema.org\/ImageObject\" ><div class=\"avia-image-container-inner\"><div class=\"avia-image-overlay-wrap\"><img decoding=\"async\" fetchpriority=\"high\" class='wp-image-948 avia-img-lazy-loading-not-948 avia_image ' src=\"https:\/\/chateau-de-pampelonne.fr\/site\/wp-content\/uploads\/2018\/09\/Privas-place-du-marche-845x321.jpg\" alt='' title='Privas Market palce'  height=\"321\" width=\"845\"  itemprop=\"thumbnailUrl\"  \/><\/div><\/div><\/div><br \/>\n\n<style type=\"text\/css\" data-created_by=\"avia_inline_auto\" id=\"style-css-av-jj8qww9g-3-13f6a44f56aceab0ab2bcec5d7f3bd32\">\n#top .hr.hr-invisible.av-jj8qww9g-3-13f6a44f56aceab0ab2bcec5d7f3bd32{\nheight:18px;\n}\n<\/style>\n<div  class='hr av-jj8qww9g-3-13f6a44f56aceab0ab2bcec5d7f3bd32 hr-invisible  avia-builder-el-17  el_after_av_image  el_before_av_icon_box '><span class='hr-inner '><span class=\"hr-inner-style\"><\/span><\/span><\/div><br \/>\n<article  class='iconbox iconbox_left av-jj7j005i-2-ac58a4182ca7be009426c3477333b885  avia-builder-el-18  el_after_av_hr  avia-builder-el-last '  itemscope=\"itemscope\" itemtype=\"https:\/\/schema.org\/CreativeWork\" ><div class=\"iconbox_content\"><header class=\"entry-content-header\" aria-label=\"Icon: Shops\"><div class='iconbox_icon heading-color avia-iconfont avia-font-entypo-fontello' data-av_icon='\ue81f' data-av_iconfont='entypo-fontello'  ><\/div><h3 class='iconbox_content_title '  itemprop=\"headline\" >Shops<\/h3><\/header><div class='iconbox_content_container '  itemprop=\"text\" ><ul>\n<li style=\"text-align: left;\">Boulangerie, <a href=\"https:\/\/www.lepi-cerie.fr\/\">\u00e9picerie \u00e0 Saint-Martin<\/a>, 2 km<\/li>\n<li style=\"text-align: left;\">Commerces \u00e0 Rochemaure et Meysse, 10 km<\/li>\n<li style=\"text-align: left;\">Hypermarch\u00e9s au Teil 13 km et Mont\u00e9limar, 15 km<\/li>\n<\/ul>\n<\/div><\/div><footer class=\"entry-footer\"><\/footer><\/article><\/p><\/div>\n<style type=\"text\/css\" data-created_by=\"avia_inline_auto\" id=\"style-css-av-1a55o-1-b514a7cc044d4d2828bd3f44644abf8d\">\n.flex_column.av-1a55o-1-b514a7cc044d4d2828bd3f44644abf8d{\nborder-radius:0px 0px 0px 0px;\npadding:0px 0px 0px 0px;\n}\n<\/style>\n<div  class='flex_column av-1a55o-1-b514a7cc044d4d2828bd3f44644abf8d av_two_third  avia-builder-el-19  el_after_av_one_third  avia-builder-el-last  flex_column_div av-zero-column-padding  column-top-margin'     ><div  class='avia-slideshow av-jm6fe2o2-98b8d3bfa1b9b6caf5bdf000a49c21d0 avia-slideshow-entry_without_sidebar av_slideshow avia-slide-slider  avia-builder-el-20  avia-builder-el-no-sibling  av-slideshow-ui av-control-default av-slideshow-manual av-loop-once av-loop-manual-endless av-default-height-applied avia-slideshow-1' data-slideshow-options=\"{&quot;animation&quot;:&quot;slide&quot;,&quot;autoplay&quot;:false,&quot;loop_autoplay&quot;:&quot;once&quot;,&quot;interval&quot;:5,&quot;loop_manual&quot;:&quot;manual-endless&quot;,&quot;autoplay_stopper&quot;:false,&quot;noNavigation&quot;:false,&quot;bg_slider&quot;:false,&quot;keep_padding&quot;:false,&quot;hoverpause&quot;:false,&quot;show_slide_delay&quot;:0}\"  itemprop=\"image\" itemscope=\"itemscope\" itemtype=\"https:\/\/schema.org\/ImageObject\" ><ul class='avia-slideshow-inner ' style='padding-bottom: 34.95867768595%;'><li  class='avia-slideshow-slide av-jm6fe2o2-98b8d3bfa1b9b6caf5bdf000a49c21d0__0  slide-1 slide-odd'><div data-rel='slideshow-1' class='avia-slide-wrap '   ><img decoding=\"async\" fetchpriority=\"high\" class=\"wp-image-962 avia-img-lazy-loading-not-962\"  src=\"https:\/\/chateau-de-pampelonne.fr\/site\/wp-content\/uploads\/2018\/09\/vue-PHOTO_04_06_06-036-1210x423.jpg\" width=\"1210\" height=\"423\" title='Valley view' alt=''  itemprop=\"thumbnailUrl\"   \/><\/div><\/li><li  class='avia-slideshow-slide av-jm6fe2o2-98b8d3bfa1b9b6caf5bdf000a49c21d0__1  slide-2 slide-even'><div data-rel='slideshow-1' class='avia-slide-wrap '   ><img decoding=\"async\" fetchpriority=\"high\" class=\"wp-image-956 avia-img-lazy-loading-not-956\"  src=\"https:\/\/chateau-de-pampelonne.fr\/site\/wp-content\/uploads\/2018\/09\/Chateau-Pampelonne-PHOTO_04_06_06-003-1210x423.jpg\" width=\"1210\" height=\"423\" title='Castle facade Pampelonne' alt=''  itemprop=\"thumbnailUrl\"   \/><\/div><\/li><li  class='avia-slideshow-slide av-jm6fe2o2-98b8d3bfa1b9b6caf5bdf000a49c21d0__2  slide-3 slide-odd'><div data-rel='slideshow-1' class='avia-slide-wrap '   ><img decoding=\"async\" fetchpriority=\"high\" class=\"wp-image-943 avia-img-lazy-loading-not-943\"  src=\"https:\/\/chateau-de-pampelonne.fr\/site\/wp-content\/uploads\/2018\/09\/Jardin-gres-1210x423.jpg\" width=\"1210\" height=\"423\" title='Garden house GRES' alt=''  itemprop=\"thumbnailUrl\"   \/><\/div><\/li><li  class='avia-slideshow-slide av-jm6fe2o2-98b8d3bfa1b9b6caf5bdf000a49c21d0__3  slide-4 slide-even'><div data-rel='slideshow-1' class='avia-slide-wrap '   ><img decoding=\"async\" fetchpriority=\"high\" class=\"wp-image-958 avia-img-lazy-loading-not-958\"  src=\"https:\/\/chateau-de-pampelonne.fr\/site\/wp-content\/uploads\/2018\/09\/Vue-de-Monoprat-culture-1210x423.jpg\" width=\"1210\" height=\"423\" title='View of the Monoprat countryside' alt=''  itemprop=\"thumbnailUrl\"   \/><\/div><\/li><\/ul><div class='avia-slideshow-arrows avia-slideshow-controls' ><a href='#prev' class='prev-slide  avia-svg-icon avia-font-svg_entypo-fontello' data-av_svg_icon='left-open-big' data-av_iconset='svg_entypo-fontello' tabindex='-1' title=\"Previous\"><svg version=\"1.1\" xmlns=\"http:\/\/www.w3.org\/2000\/svg\" width=\"15\" height=\"32\" viewBox=\"0 0 15 32\" preserveAspectRatio=\"xMidYMid meet\" aria-labelledby='av-svg-title-1' aria-describedby='av-svg-desc-1' role=\"graphics-symbol\" aria-hidden=\"true\">\n<title id='av-svg-title-1'>Previous<\/title>\n<desc id='av-svg-desc-1'>Previous<\/desc>\n<path d=\"M14.464 27.84q0.832 0.832 0 1.536-0.832 0.832-1.536 0l-12.544-12.608q-0.768-0.768 0-1.6l12.544-12.608q0.704-0.832 1.536 0 0.832 0.704 0 1.536l-11.456 11.904z\"><\/path>\n<\/svg><span class='avia_hidden_link_text'>Previous<\/span><\/a><a href='#next' class='next-slide  avia-svg-icon avia-font-svg_entypo-fontello' data-av_svg_icon='right-open-big' data-av_iconset='svg_entypo-fontello' tabindex='-1' title=\"Next\"><svg version=\"1.1\" xmlns=\"http:\/\/www.w3.org\/2000\/svg\" width=\"15\" height=\"32\" viewBox=\"0 0 15 32\" preserveAspectRatio=\"xMidYMid meet\" aria-labelledby='av-svg-title-2' aria-describedby='av-svg-desc-2' role=\"graphics-symbol\" aria-hidden=\"true\">\n<title id='av-svg-title-2'>Next<\/title>\n<desc id='av-svg-desc-2'>Next<\/desc>\n<path d=\"M0.416 27.84l11.456-11.84-11.456-11.904q-0.832-0.832 0-1.536 0.832-0.832 1.536 0l12.544 12.608q0.768 0.832 0 1.6l-12.544 12.608q-0.704 0.832-1.536 0-0.832-0.704 0-1.536z\"><\/path>\n<\/svg><span class='avia_hidden_link_text'>Next<\/span><\/a><\/div><div class='avia-slideshow-dots avia-slideshow-controls'><a href='#1' class='goto-slide active' >1<\/a><a href='#2' class='goto-slide ' >2<\/a><a href='#3' class='goto-slide ' >3<\/a><a href='#4' class='goto-slide ' >4<\/a><\/div><\/div><\/div><\/div><\/div><\/div><!-- close content main div --><\/div><\/div><div id='full_slider_1'  class='avia-fullwidth-slider main_color avia-shadow   avia-builder-el-21  el_after_av_section  avia-builder-el-last   slider-not-first container_wrap sidebar_right'  ><div  class='avia-slideshow av-jj8mm7wk-c262aaf19ac3ce1abef2a3aa50206236 avia-slideshow-featured av_slideshow_full avia-slide-slider av-slideshow-ui av-control-hidden av-no-slider-navigation av-hide-nav-arrows av-slideshow-autoplay av-loop-endless av-loop-manual-endless av-default-height-applied   avia-slideshow-2' data-slideshow-options=\"{&quot;animation&quot;:&quot;slide&quot;,&quot;autoplay&quot;:true,&quot;loop_autoplay&quot;:&quot;endless&quot;,&quot;interval&quot;:5,&quot;loop_manual&quot;:&quot;manual-endless&quot;,&quot;autoplay_stopper&quot;:false,&quot;noNavigation&quot;:true,&quot;bg_slider&quot;:false,&quot;keep_padding&quot;:false,&quot;hoverpause&quot;:false,&quot;show_slide_delay&quot;:0}\"  itemprop=\"image\" itemscope=\"itemscope\" itemtype=\"https:\/\/schema.org\/ImageObject\" ><ul class='avia-slideshow-inner ' style='padding-bottom: 28.666666666667%;'><li  class='avia-slideshow-slide av-jj8mm7wk-c262aaf19ac3ce1abef2a3aa50206236__0  av-single-slide slide-1 slide-odd'><div data-rel='slideshow-2' class='avia-slide-wrap '   ><img decoding=\"async\" fetchpriority=\"high\" class=\"wp-image-960 avia-img-lazy-loading-not-960\"  src=\"https:\/\/chateau-de-pampelonne.fr\/site\/wp-content\/uploads\/2018\/09\/Vue-PHOTO_04_06_06-007-1500x430.jpg\" width=\"1500\" height=\"430\" title='Valley view' alt=''  itemprop=\"thumbnailUrl\"   \/><\/div><\/li><\/ul><\/div><\/div><\/p>\n","protected":false},"excerpt":{"rendered":"","protected":false},"author":1,"featured_media":0,"parent":0,"menu_order":0,"comment_status":"closed","ping_status":"closed","template":"","meta":{"footnotes":""},"class_list":["post-829","page","type-page","status-publish","hentry"],"_links":{"self":[{"href":"https:\/\/chateau-de-pampelonne.fr\/en\/wp-json\/wp\/v2\/pages\/829","targetHints":{"allow":["GET"]}}],"collection":[{"href":"https:\/\/chateau-de-pampelonne.fr\/en\/wp-json\/wp\/v2\/pages"}],"about":[{"href":"https:\/\/chateau-de-pampelonne.fr\/en\/wp-json\/wp\/v2\/types\/page"}],"author":[{"embeddable":true,"href":"https:\/\/chateau-de-pampelonne.fr\/en\/wp-json\/wp\/v2\/users\/1"}],"replies":[{"embeddable":true,"href":"https:\/\/chateau-de-pampelonne.fr\/en\/wp-json\/wp\/v2\/comments?post=829"}],"version-history":[{"count":3,"href":"https:\/\/chateau-de-pampelonne.fr\/en\/wp-json\/wp\/v2\/pages\/829\/revisions"}],"predecessor-version":[{"id":1346,"href":"https:\/\/chateau-de-pampelonne.fr\/en\/wp-json\/wp\/v2\/pages\/829\/revisions\/1346"}],"wp:attachment":[{"href":"https:\/\/chateau-de-pampelonne.fr\/en\/wp-json\/wp\/v2\/media?parent=829"}],"curies":[{"name":"wp","href":"https:\/\/api.w.org\/{rel}","templated":true}]}}