{"id":833,"date":"2019-02-19T15:11:01","date_gmt":"2019-02-19T14:11:01","guid":{"rendered":"https:\/\/chateau-de-pampelonne.fr\/privacy-policy\/"},"modified":"2022-03-10T11:37:00","modified_gmt":"2022-03-10T10:37:00","slug":"privacy-policy","status":"publish","type":"page","link":"https:\/\/chateau-de-pampelonne.fr\/en\/privacy-policy\/","title":{"rendered":"Privacy policy"},"content":{"rendered":"<section  class='av_textblock_section av-l0kuuixq-4ac093e80e46706bfc7f7275f44a3dc1 '   itemscope=\"itemscope\" itemtype=\"https:\/\/schema.org\/CreativeWork\" ><div class='avia_textblock'  itemprop=\"text\" ><h2>Politique de confidentialit\u00e9 et mentions l\u00e9gales<\/h2>\n<p>Le site www.chateau-de-pampelonne.fr est \u00e9dit\u00e9 par<br \/>\nMonsieur R\u00e9gis de PAMPELONNE, d\u00e9nomm\u00e9 ci-dessous &#8216;l&#8217;\u00e9diteur&#8217;.<br \/>\nCh\u00e2teau de Pampelonne &#8211; 07400 Saint Martin sur Lavezon<\/p>\n<p><strong>Directeur de la publication :<\/strong><br \/>\nMonsieur R\u00e9gis de PAMPELONNE &#8211; VIVARAIS BARRES<br \/>\nLe site est h\u00e9berg\u00e9 par la soci\u00e9t\u00e9 OVH, 2 rue Kellermann &#8211; 59100 Roubaix &#8211; France<\/p>\n<p><strong>Conditions d&#8217;utilisation<\/strong> du site Internet www.chateau-de-pampelonne.fr<br \/>\nL\u2019internaute s\u2019engage \u00e0 faire un usage personnel et non commercial des informations contenues sur le site www.chateau-de-pampelonne.fr. En cas de non-respect de ces dispositions ci-dessous, l\u2019internaute pourrait voir sa responsabilit\u00e9 civile et\/ou p\u00e9nale engag\u00e9e.<\/p>\n<p><strong>Droits d\u2019auteur :<\/strong><br \/>\nLes droits de reproduction et de repr\u00e9sentation de l\u2019ensemble des \u0153uvres repr\u00e9sent\u00e9es sur le site sont strictement r\u00e9serv\u00e9s. En cons\u00e9quence, la reproduction et la repr\u00e9sentation de tout ou partie de ce site, sur quelque support que ce soit, est formellement interdite sauf autorisation \u00e9crite expresse du directeur de la publication. L\u2019ensemble des donn\u00e9es figurant sur les pages (textes et images) est la propri\u00e9t\u00e9 exclusive de l&#8217;\u00e9diteur.<\/p>\n<p><strong>Cr\u00e9dit<\/strong> \u2013 Les photos ou visuels utilis\u00e9s sur le site internet\u00a0chateau-de-pampelonne.fr ont \u00e9t\u00e9 r\u00e9alis\u00e9es par l&#8217;\u00e9diteur.<br \/>\nLes documents ne peuvent faire l\u2019objet de copies qu\u2019\u00e0 titre d\u2019information, la copie \u00e9tant r\u00e9serv\u00e9e au seul usage priv\u00e9. Le non-respect de cette interdiction constitue une contrefa\u00e7on susceptible d\u2019engager la responsabilit\u00e9 civile et p\u00e9nale du contrefacteur.<\/p>\n<p><strong>Propri\u00e9t\u00e9 intellectuelle :<\/strong><br \/>\nLe site et chacun des \u00e9l\u00e9ments qui le composent sont prot\u00e9g\u00e9s au titre de la l\u00e9gislation internationale de la propri\u00e9t\u00e9 intellectuelle.<\/p>\n<p><strong>Responsabilit\u00e9 de l\u2019\u00e9diteur :<\/strong><br \/>\nL&#8217;\u00e9diteur se r\u00e9serve le droit de modifier, corriger ou supprimer le contenu du site chateau-de-pampelonne.fr. Il ne saurait \u00eatre tenu responsable de l\u2019utilisation qui serait faite par les internautes des informations contenues dans le site.<br \/>\nDes liens hypertextes pr\u00e9sents sur le site chateau-de-pampelonne.fr permettent l\u2019acc\u00e8s \u00e0 d\u2019autres sites sur lesquels l&#8217;\u00e9diteur n\u2019exerce aucun contr\u00f4le. La responsabilit\u00e9 de l&#8217;\u00e9diteur ne saurait en aucun cas \u00eatre engag\u00e9e en cas de pr\u00e9judice caus\u00e9 par le contenu d\u2019un ou plusieurs des sites rattach\u00e9s par un lien hypertexte.<br \/>\nIl appartient aux internautes de prendre toutes les mesures appropri\u00e9es pour la protection de leur mat\u00e9riel, donn\u00e9es ou logiciel informatiques notamment contre les virus informatiques circulant sur le r\u00e9seau. l&#8217;\u00e9diteur ne saurait en aucun cas \u00eatre tenu responsable des dommages caus\u00e9s par un virus lors de la connexion \u00e0 son site.<br \/>\nL&#8217;\u00e9diteur d\u00e9cline toute responsabilit\u00e9 pour les difficult\u00e9s rencontr\u00e9es lors de l\u2019acc\u00e8s \u00e0 son site ou pour toute d\u00e9faillance de communication.<br \/>\nTarification \u2013 L\u2019acc\u00e8s au site chateau-de-pampelonne.fr est gratuit, hors fournisseurs d\u2019acc\u00e8s Internet et hors co\u00fbts de communications t\u00e9l\u00e9phoniques qui sont factur\u00e9s directement par les op\u00e9rateurs.<\/p>\n<h3>Utilisation des donn\u00e9es personnelles collect\u00e9es<\/h3>\n<p><strong>Protection des donn\u00e9es personnelles :<\/strong><br \/>\nL&#8217;\u00e9diteur s\u2019engage \u00e0 respecter la loi \u201cInformatique et Libert\u00e9s\u201d du 6 janvier 1978 modifi\u00e9e par la loi du 6 ao\u00fbt 2004 (articles 38 \u00e0 43 de la loi n\u00b0\u00a078-17 du 6 janvier 1978 relative \u00e0 l\u2019informatique, aux fichiers et aux libert\u00e9s), et au R\u00e8glement (UE) 2016\/679 du Parlement europ\u00e9en et du Conseil du 27 avril 2016 dit \u00ab\u00a0RGPD\u00a0\u00bb et prendre toute pr\u00e9caution n\u00e9cessaire pour pr\u00e9server la s\u00e9curit\u00e9 des informations nominatives confi\u00e9es.<\/p>\n<p><strong>Droits des internautes sur leurs donn\u00e9es personnelles :<\/strong><\/p>\n<p>Vous pouvez exercer votre droit d\u2019acc\u00e8s aux informations et le cas \u00e9ch\u00e9ant votre droit de rectification ou d\u2019effacement, d\u2019opposition, de limitation du traitement, de portabilit\u00e9 de vos donn\u00e9es personnelles, droit de ne pas faire l\u2019objet d\u2019une d\u00e9cision individuelle automatis\u00e9e (y compris profilage) et droit de r\u00e9vocation de leur consentement.<br \/>\nPour exercer l\u2019un de ces droits, il convient d\u2019adresser la demande des informations vous concernant en \u00e9crivant \u00e0\u00a0: Monsieur R\u00e9gis de PAMPELONNE, 106, rue de la Faisanderie -75016 PARIS\u00a0, ou par email \u00e0 l\u2019adresse suivante booking@pampelonne.eu. L&#8217;\u00e9diteur s\u2019engage \u00e0 r\u00e9pondre dans les meilleurs d\u00e9lais et au plus tard dans un d\u00e9lai d\u2019un mois \u00e0 compter de la r\u00e9ception de la demande.<\/p>\n<p>Pour toute information sur la protection des donn\u00e9es personnelles, vous pouvez consulter le site de la Commission Informatique et Libert\u00e9\u00a0http:\/\/www.cnil.fr.<\/p>\n<h3><strong>Traitement des donn\u00e9es personnelles :<\/strong><\/h3>\n<p><strong>Formulaires de r\u00e9servation :<br \/>\n<\/strong>L\u2019utilisateur est inform\u00e9 que ses donn\u00e9es personnelles, recueillies dans le cadre des formulaires de r\u00e9servation en ligne ( adresse email,\u00a0Nom et t\u00e9l\u00e9phone, nombre de personnes et message) font l\u2019objet d\u2019un traitement r\u00e9alis\u00e9 par l&#8217;\u00e9diteur strictement n\u00e9cessaire pour r\u00e9pondre \u00e0 leur demande de r\u00e9servation.<\/p>\n<p>Le traitement des donn\u00e9es personnelles des internautes par l&#8217;\u00e9diteur est de r\u00e9pondre \u00e0 la demande de l\u2019internaute, et\/ou \u00e0 la question pos\u00e9e.<\/p>\n<p><strong>Formulaires de contact :<br \/>\n<\/strong>L\u2019utilisateur est inform\u00e9 que ses donn\u00e9es personnelles, recueillies dans le cadre des formulaires de contact en ligne (Nom, adresse email, Message) font l\u2019objet d\u2019un traitement r\u00e9alis\u00e9 par l&#8217;\u00e9diteur strictement n\u00e9cessaire pour r\u00e9pondre \u00e0 leur demande de contact.<\/p>\n<p>Le traitement des donn\u00e9es personnelles des internautes par l&#8217;\u00e9diteur est de r\u00e9pondre \u00e0 la demande de l\u2019internaute, et\/ou \u00e0 la question pos\u00e9e.<\/p>\n<p><strong>Destinataires des donn\u00e9es\u00a0personnelles :<\/strong><br \/>\nLes informations recueillies sont tenues strictement confidentielles et sont destin\u00e9es \u00e0 l\u2019usage exclusif du service de r\u00e9servation de locations de l&#8217;\u00e9diteur. Certaines informations sp\u00e9cifiques demand\u00e9es dans les formulaires en ligne sont obligatoires, Nom, t\u00e9l\u00e9phone et adresse email. A noter que si leur saisie est erron\u00e9e, les informations ne sont pas envoy\u00e9es \u00e0 l&#8217;\u00e9diteur. L&#8217;\u00e9diteur tient un registre de traitements des donn\u00e9es personnelles trait\u00e9es sur le Site.<\/p>\n<p><strong>Conservation et dur\u00e9e des donn\u00e9es personnelles :<\/strong><br \/>\nL&#8217;\u00e9diteur s\u2019engage \u00e0 les conserver, sauf obligation l\u00e9gale ou r\u00e9glementaire contraire, pour une dur\u00e9e maximale de 5 ans \u00e0 compter de la derni\u00e8re prise de contact avec l\u2019internaute, qu&#8217;il soit \u00e0 l&#8217;initiative de l&#8217;\u00e9diteur ou de l&#8217;internaute.<br \/>\nA l\u2019issue de cette dur\u00e9e ou en cas d\u2019exercice des droits de l\u2019internaute conform\u00e9ment \u00e0 l\u2019Article 3.6, l&#8217;\u00e9diteur s\u2019engage \u00e0 d\u00e9truire toute copie qu\u2019il d\u00e9tiendrait au titre des donn\u00e9es personnelles des internautes.<\/p>\n<p><strong>S\u00e9curit\u00e9 des donn\u00e9es personnelles :<\/strong><br \/>\nL&#8217;\u00e9diteur accorde la plus haute importance \u00e0 la s\u00e9curit\u00e9 des donn\u00e9es personnelles. L&#8217;\u00e9diteur s\u2019engage, au titre de son obligation de moyens, \u00e0 prendre toutes les pr\u00e9cautions utiles et met en \u0153uvre des mesures techniques et organisationnelles appropri\u00e9es en la mati\u00e8re pour garantir un niveau de s\u00e9curit\u00e9 adapt\u00e9 et pour prot\u00e9ger les donn\u00e9es personnelles des internautes contre les alt\u00e9rations, destructions et acc\u00e8s non autoris\u00e9s.<\/p>\n<p><strong>Commentaires<br \/>\n<\/strong>Quand vous laissez un commentaire sur notre site web, les donn\u00e9es inscrites dans le formulaire de commentaire, mais aussi votre adresse IP et l\u2019agent utilisateur de votre navigateur sont collect\u00e9s pour nous aider \u00e0 la d\u00e9tection des commentaires ind\u00e9sirables.<\/p>\n<p>Une cha\u00eene anonymis\u00e9e cr\u00e9\u00e9e \u00e0 partir de votre adresse de messagerie (\u00e9galement appel\u00e9e hash) peut \u00eatre envoy\u00e9e au service Gravatar pour v\u00e9rifier si vous utilisez ce dernier. Les clauses de confidentialit\u00e9 du service Gravatar sont disponibles ici\u00a0: https:\/\/automattic.com\/privacy\/. Apr\u00e8s validation de votre commentaire, votre photo de profil sera visible publiquement \u00e0 cot\u00e9 de votre commentaire.<\/p>\n<h3><strong>Politique d\u2019utilisation des cookies :<\/strong><\/h3>\n<p><strong>Cookies<\/strong><\/p>\n<p>La navigation sur le site est susceptible de provoquer l\u2019installation de cookie(s) sur votre terminal (ordinateur, smartphone, tablette\u2026). Un cookie est un fichier de petite taille, qui ne permet pas l\u2019identification de l\u2019utilisateur, mais qui enregistre des informations relatives \u00e0 la navigation d\u2019un terminal sur un site.<br \/>\nLes donn\u00e9es des cookies obtenues sont restreintes. Elles concernent uniquement le nombre de pages visit\u00e9es, la ville o\u00f9 est localis\u00e9e l\u2019adresse IP de connexion au site web, la fr\u00e9quence et la r\u00e9currence des visites, la dur\u00e9e de la visite, le navigateur, l\u2019op\u00e9rateur ou le type de terminal \u00e0 partir duquel la visite est effectu\u00e9e. Des donn\u00e9es telles que le nom, le pr\u00e9nom de l\u2019utilisateur ou l&#8217;adresse postale de connexion ne sont, en aucun cas, obtenues.<\/p>\n<p>Lorsque vous vous connecterez, nous mettrons en place un certain nombre de cookies pour enregistrer vos informations de connexion et vos pr\u00e9f\u00e9rences d\u2019\u00e9cran. La dur\u00e9e de vie d\u2019un cookie de connexion est de deux jours, celle d\u2019un cookie d\u2019option d\u2019\u00e9cran est d\u2019un an. Si vous cochez \u00ab\u00a0Se souvenir de moi\u00a0\u00bb, votre cookie de connexion sera conserv\u00e9 pendant deux semaines<br \/>\nLe refus d\u2019installation d\u2019un cookie peut entra\u00eener l\u2019impossibilit\u00e9 d\u2019acc\u00e9der \u00e0 certains services. L\u2019utilisateur peut toutefois configurer son ordinateur pour refuser l\u2019installation des cookies :<br \/>\nMicrosoft Internet Explorer,<br \/>\nGoogle Chrome,<br \/>\nSafari, Firefox,<br \/>\nOpera<br \/>\nEt\/ou voir lien de la cnil :<br \/>\nhttps:\/\/www.cnil.fr\/fr\/cookies-les-outils-pour-les-maitriser<\/p>\n<p>Ces cookies sont n\u00e9cessaires pour le bon fonctionnement du site.<\/p>\n<h3>Cookies de blog<\/h3>\n<p>Si vous d\u00e9posez un commentaire sur notre site, il vous sera propos\u00e9 d\u2019enregistrer votre nom, adresse de messagerie et site web dans des cookies. C\u2019est uniquement pour votre confort afin de ne pas avoir \u00e0 saisir ces informations si vous d\u00e9posez un autre commentaire plus tard. Ces cookies expirent au bout d\u2019un an.<\/p>\n<p>Si vous avez un compte et que vous vous connectez sur ce site, un cookie temporaire sera cr\u00e9\u00e9 afin de d\u00e9terminer si votre navigateur accepte les cookies. Il ne contient pas de donn\u00e9es personnelles et sera supprim\u00e9 automatiquement \u00e0 la fermeture de votre navigateur.<\/p>\n<p>Lorsque vous vous connecterez, nous mettrons en place un certain nombre de cookies pour enregistrer vos informations de connexion et vos pr\u00e9f\u00e9rences d\u2019\u00e9cran. La dur\u00e9e de vie d\u2019un cookie de connexion est de deux jours, celle d\u2019un cookie d\u2019option d\u2019\u00e9cran est d\u2019un an. Si vous cochez \u00ab\u00a0Se souvenir de moi\u00a0\u00bb, votre cookie de connexion sera conserv\u00e9 pendant deux semaines. Si vous vous d\u00e9connectez de votre compte, le cookie de connexion sera effac\u00e9.<\/p>\n<p>En modifiant ou en publiant un article, un cookie suppl\u00e9mentaire sera enregistr\u00e9 dans votre navigateur. Ce cookie ne comprend aucune donn\u00e9e personnelle. Il indique simplement l\u2019identifiant de l\u2019article que vous venez de modifier. Il expire au bout d\u2019un jour.<\/p>\n<h3>Contenu embarqu\u00e9 depuis d\u2019autres sites<\/h3>\n<p>Les articles de ce site peuvent inclure des contenus int\u00e9gr\u00e9s (par exemple des vid\u00e9os, images, articles\u2026). Le contenu int\u00e9gr\u00e9 depuis d\u2019autres sites se comporte de la m\u00eame mani\u00e8re que si le visiteur se rendait sur cet autre site.<\/p>\n<p>Ces sites web pourraient collecter des donn\u00e9es sur vous, utiliser des cookies, embarquer des outils de suivis tiers, suivre vos interactions avec ces contenus embarqu\u00e9s si vous disposez d\u2019un compte connect\u00e9 sur leur site web.<\/p>\n<h3>Statistiques et mesures d\u2019audience<\/h3>\n<p>Le site n&#8217;utilise pas d&#8217;outils de statistique d&#8217;audience actuellement<\/p>\n<p><strong>Modification des pr\u00e9sentes dispositions :<\/strong><br \/>\nLes pr\u00e9sentes dispositions sont susceptibles d&#8217;\u00eatre modifi\u00e9es par l&#8217;\u00e9diteur \u00e0 tout moment, notamment en cas d&#8217;\u00e9volutions techniques et\/ou l\u00e9gales ou s\u2019il d\u00e9cide de mettre en place de nouveaux services. Les internautes doivent donc v\u00e9rifier r\u00e9guli\u00e8rement les pr\u00e9sentes dispositions.<\/p>\n<\/div><\/section>\n","protected":false},"excerpt":{"rendered":"","protected":false},"author":1,"featured_media":0,"parent":0,"menu_order":0,"comment_status":"closed","ping_status":"open","template":"","meta":{"footnotes":""},"class_list":["post-833","page","type-page","status-publish","hentry"],"_links":{"self":[{"href":"https:\/\/chateau-de-pampelonne.fr\/en\/wp-json\/wp\/v2\/pages\/833","targetHints":{"allow":["GET"]}}],"collection":[{"href":"https:\/\/chateau-de-pampelonne.fr\/en\/wp-json\/wp\/v2\/pages"}],"about":[{"href":"https:\/\/chateau-de-pampelonne.fr\/en\/wp-json\/wp\/v2\/types\/page"}],"author":[{"embeddable":true,"href":"https:\/\/chateau-de-pampelonne.fr\/en\/wp-json\/wp\/v2\/users\/1"}],"replies":[{"embeddable":true,"href":"https:\/\/chateau-de-pampelonne.fr\/en\/wp-json\/wp\/v2\/comments?post=833"}],"version-history":[{"count":5,"href":"https:\/\/chateau-de-pampelonne.fr\/en\/wp-json\/wp\/v2\/pages\/833\/revisions"}],"predecessor-version":[{"id":1256,"href":"https:\/\/chateau-de-pampelonne.fr\/en\/wp-json\/wp\/v2\/pages\/833\/revisions\/1256"}],"wp:attachment":[{"href":"https:\/\/chateau-de-pampelonne.fr\/en\/wp-json\/wp\/v2\/media?parent=833"}],"curies":[{"name":"wp","href":"https:\/\/api.w.org\/{rel}","templated":true}]}}